{"id":279,"date":"2025-08-13T12:57:51","date_gmt":"2025-08-13T12:57:51","guid":{"rendered":"https:\/\/www.eralpecza.com.tr\/?page_id=279"},"modified":"2025-08-28T11:45:18","modified_gmt":"2025-08-28T11:45:18","slug":"ilac","status":"publish","type":"page","link":"https:\/\/www.eralpecza.com.tr\/de\/ilac\/","title":{"rendered":"Medizin"},"content":{"rendered":"<section class=\"section has-parallax\" id=\"section_469714858\">\n\t\t<div class=\"section-bg fill\" data-parallax-container=\".section\" data-parallax-background data-parallax=\"-10\">\n\t\t\t<img loading=\"lazy\" decoding=\"async\" width=\"2500\" height=\"1161\" src=\"https:\/\/www.eralpecza.com.tr\/wp-content\/uploads\/2025\/08\/background.png\" class=\"bg attachment- size-\" alt=\"\" \/>\t\t\t\t\t\t<div class=\"section-bg-overlay absolute fill\"><\/div>\n\t\t\t\n\n\t\t<\/div>\n\n\t\t\t<div class=\"ux-shape-divider ux-shape-divider--top ux-shape-divider--style-triangle-opacity\">\n\t\t<svg viewbox=\"0 0 1000 100\" xmlns=\"http:\/\/www.w3.org\/2000\/svg\" preserveaspectratio=\"none\">\n\t<path class=\"ux-shape-fill\" d=\"M1025 100H-25L500 24L1025 100Z\"\/>\n\t<path class=\"ux-shape-fill\" opacity=\"0.3\" d=\"M1025 100H-25L500 0L1025 100Z\"\/>\n<\/svg>\n\t<\/div>\n\n\t<div class=\"ux-shape-divider ux-shape-divider--bottom ux-shape-divider--style-waves-opacity-2\">\n\t\t<svg viewbox=\"0 0 1000 300\" xmlns=\"http:\/\/www.w3.org\/2000\/svg\" preserveaspectratio=\"none\">\n  <path class=\"ux-shape-fill\" opacity=\"0.15\" d=\"M0 299L-2 19.9998C153 -16.0002 308 155 413 184C515.64 212.35 562 152 645 153C725 154 787 206 874 233C939.54 253.34 975 248 1000 244.61V299H0Z\"\/>\n  <path class=\"ux-shape-fill\" opacity=\"0.3\" d=\"M0 300L-2 34C155 -9.00003 300 178 403 212C504.11 245.38 562 165 645 166C725 167 790.09 220.07 874 253C939.21 278.59 978.07 269.72 1000 263.61V300H0Z\"\/>\n  <path class=\"ux-shape-fill\" d=\"M0 300L-1 69.7099C216 56.9999 299.47 198.86 403 226C506 253 577 196 660 197C740 198 790.09 234.07 874 267C935.23 291 982 282.61 1000 277.61V300H0Z\"\/>\n<\/svg>\n\t<\/div>\n\n\t\t<div class=\"section-content relative\">\n\t\t\t\n<div class=\"row\"  id=\"row-2800325\">\n\n\t<div id=\"col-890497268\" class=\"col medium-8 small-12 large-12\"  >\n\t\t\t\t<div class=\"col-inner\"  >\n\t\t\t\n\t\t\t\n\t<div id=\"text-3245444023\" class=\"text\">\n\t\t\n<h2 style=\"font-size:250%;\">L\u00f6sungen f\u00fcr Medikamentenverteilung und Pharmalager<\/h2>\n\t\t\n<style>\n#text-3245444023 {\n  text-align: center;\n  color: rgb(255, 255, 255);\n}\n#text-3245444023 > * {\n  color: rgb(255, 255, 255);\n}\n<\/style>\n\t<\/div>\n\t\n\t\t<\/div>\n\t\t\t\t\n<style>\n#col-890497268 > .col-inner {\n  padding: 20px 0px 0px 0px;\n}\n<\/style>\n\t<\/div>\n\n\t\n<\/div>\n\t\t<\/div>\n\n\t\t\n<style>\n#section_469714858 {\n  padding-top: 100px;\n  padding-bottom: 100px;\n  background-color: rgb(255, 255, 255);\n}\n#section_469714858 .section-bg-overlay {\n  background-color: rgb(15, 117, 189);\n}\n#section_469714858 .section-bg img {\n  object-position: 46% 35%;\n}\n#section_469714858 .ux-shape-divider--top svg {\n  height: 90px;\n  --divider-top-width: 100%;\n}\n#section_469714858 .ux-shape-divider--bottom svg {\n  height: 150px;\n  --divider-width: 100%;\n}\n<\/style>\n\t<\/section>\n\t\n\n\t<section class=\"section\" id=\"section_2073587078\">\n\t\t<div class=\"section-bg fill\" >\n\t\t\t\t\t\t\t\t\t\n\t\t\t\n\n\t\t<\/div>\n\n\t\t\n\n\t\t<div class=\"section-content relative\">\n\t\t\t\n<div class=\"row align-center\"  id=\"row-736173269\">\n\n\t<div id=\"col-254787861\" class=\"col small-12 large-12\"  >\n\t\t\t\t<div class=\"col-inner text-center\"  >\n\t\t\t\n\t\t\t\n<h2>Pharmazeutische Distribution und Versorgung<br \/>\n<\/h2>\n<p>Unser Pharmalager bietet zuverl\u00e4ssige L\u00f6sungen f\u00fcr die Arzneimittelverteilung an Apotheken, Krankenh\u00e4user und Gesundheitseinrichtungen. \u00dcber unser offizielles Vertriebsnetz beziehen wir Produkte von internationalen und nationalen Pharmaunternehmen wie Merck, Bayer und Nobel \u0130la\u00e7 und liefern sie an unsere Kunden.<\/p>\n\t<div id=\"gap-77588545\" class=\"gap-element clearfix\" style=\"display:block; height:auto;\">\n\t\t\n<style>\n#gap-77588545 {\n  padding-top: 30px;\n}\n<\/style>\n\t<\/div>\n\t\n\t\t<\/div>\n\t\t\t\t\t<\/div>\n\n\t\n<\/div>\n<div class=\"row row-large align-center\"  id=\"row-1980946475\">\n\n\t<div id=\"col-1155181850\" class=\"col medium-6 small-12 large-6\"  >\n\t\t\t\t<div class=\"col-inner\"  >\n\t\t\t\n\t\t\t\n\n\t\t<div class=\"icon-box featured-box icon-sets icon-box-left text-left\"  style=\"margin:0px 0px 10px 0px;\">\n\t\t\t\t\t<div class=\"icon-box-img has-icon-bg\" style=\"width: 30px\">\n\t\t\t\t<div class=\"icon\">\n\t\t\t\t\t<div class=\"icon-inner\" style=\"border-width:5px;color:rgb(15, 117, 189);\">\n\t\t\t\t\t\t<img loading=\"lazy\" decoding=\"async\" width=\"1\" height=\"1\" src=\"https:\/\/www.eralpecza.com.tr\/wp-content\/uploads\/2025\/08\/snow-alt.svg\" class=\"attachment-medium size-medium\" alt=\"\" \/>\t\t\t\t\t<\/div>\n\t\t\t\t<\/div>\n\t\t\t<\/div>\n\t\t\t\t<div class=\"icon-box-text last-reset\">\n\t\t\t\t\t\t\t\t\t\n<h4>K\u00fchlkettenlogistik<\/h4>\n\t\t<\/div>\n\t<\/div>\n\t\n\t\n<p>Wir bieten K\u00fchlkettenlogistikl\u00f6sungen f\u00fcr Arzneimittel, die besondere Temperaturbedingungen erfordern. W\u00e4hrend aller unserer Lager- und Transportprozesse wird die Temperatur \u00fcberwacht, um die Wirksamkeit und Sicherheit unserer Produkte zu gew\u00e4hrleisten.<\/p>\n\t\t<\/div>\n\t\t\t\t\t<\/div>\n\n\t\n\n\t<div id=\"col-1737401920\" class=\"col medium-6 small-12 large-6\"  >\n\t\t\t\t<div class=\"col-inner\"  >\n\t\t\t\n\t\t\t\n\n\t\t<div class=\"icon-box featured-box icon-sets icon-box-left text-left\"  style=\"margin:0px 0px 10px 0px;\">\n\t\t\t\t\t<div class=\"icon-box-img has-icon-bg\" style=\"width: 30px\">\n\t\t\t\t<div class=\"icon\">\n\t\t\t\t\t<div class=\"icon-inner\" style=\"border-width:5px;color:rgb(15, 117, 189);\">\n\t\t\t\t\t\t<img loading=\"lazy\" decoding=\"async\" width=\"1\" height=\"1\" src=\"https:\/\/www.eralpecza.com.tr\/wp-content\/uploads\/2025\/08\/truck-loaded-1.svg\" class=\"attachment-medium size-medium\" alt=\"\" \/>\t\t\t\t\t<\/div>\n\t\t\t\t<\/div>\n\t\t\t<\/div>\n\t\t\t\t<div class=\"icon-box-text last-reset\">\n\t\t\t\t\t\t\t\t\t\n<h4>Vertrieb von OTC-Produkten und medizinischem Bedarf<\/h4>\n\t\t<\/div>\n\t<\/div>\n\t\n\t\n<p> \u00dcber unser Apothekenlager k\u00f6nnen nicht nur verschreibungspflichtige Medikamente, sondern auch OTC-Produkte (Over-the-Counter) und medizinisches Zubeh\u00f6r sicher bezogen werden. Produkte von lokalen Herstellern und globalen Marken wie Nobel \u0130la\u00e7 werden von einem einzigen Standort aus an die Apotheken geliefert.<\/p>\n\t\t<\/div>\n\t\t\t\t\t<\/div>\n\n\t\n\n\t<div id=\"col-1778654760\" class=\"col medium-6 small-12 large-6\"  >\n\t\t\t\t<div class=\"col-inner\"  >\n\t\t\t\n\t\t\t\n\n\t\t<div class=\"icon-box featured-box icon-sets icon-box-left text-left\"  style=\"margin:0px 0px 10px 0px;\">\n\t\t\t\t\t<div class=\"icon-box-img has-icon-bg\" style=\"width: 30px\">\n\t\t\t\t<div class=\"icon\">\n\t\t\t\t\t<div class=\"icon-inner\" style=\"border-width:5px;color:rgb(15, 117, 189);\">\n\t\t\t\t\t\t<img loading=\"lazy\" decoding=\"async\" width=\"1\" height=\"1\" src=\"https:\/\/www.eralpecza.com.tr\/wp-content\/uploads\/2025\/08\/package.svg\" class=\"attachment-medium size-medium\" alt=\"\" \/>\t\t\t\t\t<\/div>\n\t\t\t\t<\/div>\n\t\t\t<\/div>\n\t\t\t\t<div class=\"icon-box-text last-reset\">\n\t\t\t\t\t\t\t\t\t\n<h4> Schnelle und zuverl\u00e4ssige Lieferung <\/h4>\n\t\t<\/div>\n\t<\/div>\n\t\n\t\n<p> Dank unseres fortschrittlichen Logistiknetzwerks und unseres erfahrenen Teams liefern wir Ihre Bestellungen schnell aus. Die Kundenzufriedenheit steht bei uns an erster Stelle und wir streben einen unterbrechungsfreien, qualitativ hochwertigen Service an. <\/p>\n\t\t<\/div>\n\t\t\t\t\t<\/div>\n\n\t\n\n\t<div id=\"col-83097804\" class=\"col medium-6 small-12 large-6\"  >\n\t\t\t\t<div class=\"col-inner\"  >\n\t\t\t\n\t\t\t\n\n\t\t<div class=\"icon-box featured-box icon-sets icon-box-left text-left\"  style=\"margin:0px 0px 10px 0px;\">\n\t\t\t\t\t<div class=\"icon-box-img has-icon-bg\" style=\"width: 30px\">\n\t\t\t\t<div class=\"icon\">\n\t\t\t\t\t<div class=\"icon-inner\" style=\"border-width:5px;color:rgb(15, 117, 189);\">\n\t\t\t\t\t\t<img loading=\"lazy\" decoding=\"async\" width=\"1\" height=\"1\" src=\"https:\/\/www.eralpecza.com.tr\/wp-content\/uploads\/2025\/08\/handshake-deal.svg\" class=\"attachment-medium size-medium\" alt=\"\" \/>\t\t\t\t\t<\/div>\n\t\t\t\t<\/div>\n\t\t\t<\/div>\n\t\t\t\t<div class=\"icon-box-text last-reset\">\n\t\t\t\t\t\t\t\t\t\n<h4> Starke Gesch\u00e4ftspartnerschaften <\/h4>\n\t\t<\/div>\n\t<\/div>\n\t\n\t\n<p> Wir arbeiten mit nationalen und internationalen Pharmaunternehmen wie Merck, Bayer, Nobel \u0130la\u00e7 und vielen anderen zusammen. Dadurch k\u00f6nnen wir unseren Kunden eine breite Produktpalette, eine zuverl\u00e4ssige Versorgung und wettbewerbsf\u00e4hige L\u00f6sungen anbieten.<\/p>\n\t\t<\/div>\n\t\t\t\t\t<\/div>\n\n\t\n<\/div>\n\t\t<\/div>\n\n\t\t\n<style>\n#section_2073587078 {\n  padding-top: 80px;\n  padding-bottom: 80px;\n}\n<\/style>\n\t<\/section>\n\t\n\n\t<section class=\"section\" id=\"section_214615722\">\n\t\t<div class=\"section-bg fill\" >\n\t\t\t\t\t\t\t\t\t<div class=\"section-bg-overlay absolute fill\"><\/div>\n\t\t\t\n\n\t\t<\/div>\n\n\t\t\t<div class=\"ux-shape-divider ux-shape-divider--top ux-shape-divider--style-waves-opacity-3 ux-shape-divider--flip\">\n\t\t<svg viewbox=\"0 0 1000 300\" xmlns=\"http:\/\/www.w3.org\/2000\/svg\" preserveaspectratio=\"none\">\n\t<path class=\"ux-shape-fill\" opacity=\"0.05\" d=\"M1014 264V386H206L34 300C34 300 344.42 277.16 436 221C542 156 590 160 704 209C811 255 899.11 214.94 979 346L1014 264Z\"\/>\n\t<path class=\"ux-shape-fill\" opacity=\"0.1\" d=\"M-302 55C-302 55 -66.73 263.25 50 214C178 160 283 116 353 141C445.68 174.1 534.28 256.19 588 249C692.9 235 764.52 75.94 855 131C940.61 183.09 1000 254 1000 254V328L-306 338L-302 55Z\"\/>\n\t<path class=\"ux-shape-fill\" opacity=\"0.15\" d=\"M-286 255C-286 255 -72 152 52 126C176 100 255 155 436 227C581.57 284.91 614.7 277.79 708 227C787 184 1009 3.0001 1093 164C1146 265.63 1031 293 1031 293L924 377L-288 389L-286 255Z\"\/>\n\t<path class=\"ux-shape-fill\" opacity=\"0.3\" d=\"M-24 69C-24 69 275.68 370.66 389 314C397 310 622 316 673 356C690.47 369.7 845 224 890 182C944.8 130.85 1018 92 1078 143C1154.12 207.7 1196 242 1196 242L1184 374L-28 386L-24 69Z\"\/>\n\t<path class=\"ux-shape-fill\" d=\"M-12 201C-12 201 58 284 182 258C306 232 342.29 221.23 456 264C565 305 640.82 288.36 721 249C776 222 837.5 191.31 935 253C984 284 1030 279 1030 279L1024 430L-12 440V201Z\"\/>\n<\/svg>\n\t<\/div>\n\n\t<div class=\"ux-shape-divider ux-shape-divider--bottom ux-shape-divider--style-waves-opacity-3\">\n\t\t<svg viewbox=\"0 0 1000 300\" xmlns=\"http:\/\/www.w3.org\/2000\/svg\" preserveaspectratio=\"none\">\n\t<path class=\"ux-shape-fill\" opacity=\"0.05\" d=\"M1014 264V386H206L34 300C34 300 344.42 277.16 436 221C542 156 590 160 704 209C811 255 899.11 214.94 979 346L1014 264Z\"\/>\n\t<path class=\"ux-shape-fill\" opacity=\"0.1\" d=\"M-302 55C-302 55 -66.73 263.25 50 214C178 160 283 116 353 141C445.68 174.1 534.28 256.19 588 249C692.9 235 764.52 75.94 855 131C940.61 183.09 1000 254 1000 254V328L-306 338L-302 55Z\"\/>\n\t<path class=\"ux-shape-fill\" opacity=\"0.15\" d=\"M-286 255C-286 255 -72 152 52 126C176 100 255 155 436 227C581.57 284.91 614.7 277.79 708 227C787 184 1009 3.0001 1093 164C1146 265.63 1031 293 1031 293L924 377L-288 389L-286 255Z\"\/>\n\t<path class=\"ux-shape-fill\" opacity=\"0.3\" d=\"M-24 69C-24 69 275.68 370.66 389 314C397 310 622 316 673 356C690.47 369.7 845 224 890 182C944.8 130.85 1018 92 1078 143C1154.12 207.7 1196 242 1196 242L1184 374L-28 386L-24 69Z\"\/>\n\t<path class=\"ux-shape-fill\" d=\"M-12 201C-12 201 58 284 182 258C306 232 342.29 221.23 456 264C565 305 640.82 288.36 721 249C776 222 837.5 191.31 935 253C984 284 1030 279 1030 279L1024 430L-12 440V201Z\"\/>\n<\/svg>\n\t<\/div>\n\n\t\t<div class=\"section-content relative\">\n\t\t\t\n<div class=\"row\"  id=\"row-1304275790\">\n\n\t<div id=\"col-1454399761\" class=\"col small-12 large-12\"  >\n\t\t\t\t<div class=\"col-inner text-center\"  >\n\t\t\t\n\t\t\t\n\t<div id=\"gap-1019144789\" class=\"gap-element clearfix\" style=\"display:block; height:auto;\">\n\t\t\n<style>\n#gap-1019144789 {\n  padding-top: 20px;\n}\n<\/style>\n\t<\/div>\n\t\n\t\t<\/div>\n\t\t\t\t\n<style>\n#col-1454399761 > .col-inner {\n  margin: -80px 0px 0px 0px;\n}\n<\/style>\n\t<\/div>\n\n\t\n<\/div>\n\t<div id=\"text-2729754280\" class=\"text\">\n\t\t\n<h2>Wir sind Ihr zuverl\u00e4ssiger Gesch\u00e4ftspartner f\u00fcr alle Prozesse der Arzneimittelversorgung, die Sie ben\u00f6tigen \u2026<\/p>\n\t\t\n<style>\n#text-2729754280 {\n  text-align: center;\n  color: rgb(255, 255, 255);\n}\n#text-2729754280 > * {\n  color: rgb(255, 255, 255);\n}\n<\/style>\n\t<\/div>\n\t\n\t<div id=\"gap-1773387281\" class=\"gap-element clearfix\" style=\"display:block; height:auto;\">\n\t\t\n<style>\n#gap-1773387281 {\n  padding-top: 30px;\n}\n<\/style>\n\t<\/div>\n\t\n\t\t<\/div>\n\n\t\t\n<style>\n#section_214615722 {\n  padding-top: 30px;\n  padding-bottom: 30px;\n  background-color: rgb(244, 244, 244);\n}\n#section_214615722 .section-bg-overlay {\n  background-color: rgb(62, 159, 80);\n}\n#section_214615722 .ux-shape-divider--top svg {\n  height: 150px;\n  --divider-top-width: 100%;\n}\n#section_214615722 .ux-shape-divider--bottom svg {\n  height: 150px;\n  --divider-width: 100%;\n}\n<\/style>\n\t<\/section>","protected":false},"excerpt":{"rendered":"","protected":false},"author":1,"featured_media":0,"parent":0,"menu_order":0,"comment_status":"closed","ping_status":"closed","template":"","meta":{"footnotes":""},"class_list":["post-279","page","type-page","status-publish","hentry"],"yoast_head":"<!-- This site is optimized with the Yoast SEO Premium plugin v25.7.1 (Yoast SEO v27.4) - https:\/\/yoast.com\/product\/yoast-seo-premium-wordpress\/ -->\n<title>\u0130la\u00e7 - Eralp Medikal Ecza Deposu<\/title>\n<meta name=\"robots\" content=\"index, follow, max-snippet:-1, max-image-preview:large, max-video-preview:-1\" \/>\n<link rel=\"canonical\" href=\"https:\/\/www.eralpecza.com.tr\/de\/ilac\/\" \/>\n<meta property=\"og:locale\" content=\"de_DE\" \/>\n<meta property=\"og:type\" content=\"article\" \/>\n<meta property=\"og:title\" content=\"\u0130la\u00e7\" \/>\n<meta property=\"og:url\" content=\"https:\/\/www.eralpecza.com.tr\/de\/ilac\/\" \/>\n<meta property=\"og:site_name\" content=\"Eralp Medikal Ecza Deposu\" \/>\n<meta property=\"article:modified_time\" content=\"2025-08-28T11:45:18+00:00\" \/>\n<meta name=\"twitter:card\" content=\"summary_large_image\" \/>\n<meta name=\"twitter:label1\" content=\"Gesch\u00e4tzte Lesezeit\" \/>\n\t<meta name=\"twitter:data1\" content=\"3\u00a0Minuten\" \/>\n<script type=\"application\/ld+json\" class=\"yoast-schema-graph\">{\"@context\":\"https:\\\/\\\/schema.org\",\"@graph\":[{\"@type\":\"WebPage\",\"@id\":\"https:\\\/\\\/www.eralpecza.com.tr\\\/ilac\\\/\",\"url\":\"https:\\\/\\\/www.eralpecza.com.tr\\\/ilac\\\/\",\"name\":\"\u0130la\u00e7 - Eralp Medikal Ecza Deposu\",\"isPartOf\":{\"@id\":\"https:\\\/\\\/www.eralpecza.com.tr\\\/#website\"},\"datePublished\":\"2025-08-13T12:57:51+00:00\",\"dateModified\":\"2025-08-28T11:45:18+00:00\",\"breadcrumb\":{\"@id\":\"https:\\\/\\\/www.eralpecza.com.tr\\\/ilac\\\/#breadcrumb\"},\"inLanguage\":\"de\",\"potentialAction\":[{\"@type\":\"ReadAction\",\"target\":[\"https:\\\/\\\/www.eralpecza.com.tr\\\/ilac\\\/\"]}]},{\"@type\":\"BreadcrumbList\",\"@id\":\"https:\\\/\\\/www.eralpecza.com.tr\\\/ilac\\\/#breadcrumb\",\"itemListElement\":[{\"@type\":\"ListItem\",\"position\":1,\"name\":\"Anasayfa\",\"item\":\"https:\\\/\\\/www.eralpecza.com.tr\\\/\"},{\"@type\":\"ListItem\",\"position\":2,\"name\":\"\u0130la\u00e7\"}]},{\"@type\":\"WebSite\",\"@id\":\"https:\\\/\\\/www.eralpecza.com.tr\\\/#website\",\"url\":\"https:\\\/\\\/www.eralpecza.com.tr\\\/\",\"name\":\"Eralp Medikal Ecza Deposu\",\"description\":\"\",\"potentialAction\":[{\"@type\":\"SearchAction\",\"target\":{\"@type\":\"EntryPoint\",\"urlTemplate\":\"https:\\\/\\\/www.eralpecza.com.tr\\\/?s={search_term_string}\"},\"query-input\":{\"@type\":\"PropertyValueSpecification\",\"valueRequired\":true,\"valueName\":\"search_term_string\"}}],\"inLanguage\":\"de\"}]}<\/script>\n<!-- \/ Yoast SEO Premium plugin. -->","yoast_head_json":{"title":"\u0130la\u00e7 - Eralp Medikal Ecza Deposu","robots":{"index":"index","follow":"follow","max-snippet":"max-snippet:-1","max-image-preview":"max-image-preview:large","max-video-preview":"max-video-preview:-1"},"canonical":"https:\/\/www.eralpecza.com.tr\/de\/ilac\/","og_locale":"de_DE","og_type":"article","og_title":"\u0130la\u00e7","og_url":"https:\/\/www.eralpecza.com.tr\/de\/ilac\/","og_site_name":"Eralp Medikal Ecza Deposu","article_modified_time":"2025-08-28T11:45:18+00:00","twitter_card":"summary_large_image","twitter_misc":{"Gesch\u00e4tzte Lesezeit":"3\u00a0Minuten"},"schema":{"@context":"https:\/\/schema.org","@graph":[{"@type":"WebPage","@id":"https:\/\/www.eralpecza.com.tr\/ilac\/","url":"https:\/\/www.eralpecza.com.tr\/ilac\/","name":"\u0130la\u00e7 - Eralp Medikal Ecza Deposu","isPartOf":{"@id":"https:\/\/www.eralpecza.com.tr\/#website"},"datePublished":"2025-08-13T12:57:51+00:00","dateModified":"2025-08-28T11:45:18+00:00","breadcrumb":{"@id":"https:\/\/www.eralpecza.com.tr\/ilac\/#breadcrumb"},"inLanguage":"de","potentialAction":[{"@type":"ReadAction","target":["https:\/\/www.eralpecza.com.tr\/ilac\/"]}]},{"@type":"BreadcrumbList","@id":"https:\/\/www.eralpecza.com.tr\/ilac\/#breadcrumb","itemListElement":[{"@type":"ListItem","position":1,"name":"Anasayfa","item":"https:\/\/www.eralpecza.com.tr\/"},{"@type":"ListItem","position":2,"name":"\u0130la\u00e7"}]},{"@type":"WebSite","@id":"https:\/\/www.eralpecza.com.tr\/#website","url":"https:\/\/www.eralpecza.com.tr\/","name":"Eralp Medical Pharmacy Warehouse","description":"","potentialAction":[{"@type":"SearchAction","target":{"@type":"EntryPoint","urlTemplate":"https:\/\/www.eralpecza.com.tr\/?s={search_term_string}"},"query-input":{"@type":"PropertyValueSpecification","valueRequired":true,"valueName":"search_term_string"}}],"inLanguage":"de"}]}},"_links":{"self":[{"href":"https:\/\/www.eralpecza.com.tr\/de\/wp-json\/wp\/v2\/pages\/279","targetHints":{"allow":["GET"]}}],"collection":[{"href":"https:\/\/www.eralpecza.com.tr\/de\/wp-json\/wp\/v2\/pages"}],"about":[{"href":"https:\/\/www.eralpecza.com.tr\/de\/wp-json\/wp\/v2\/types\/page"}],"author":[{"embeddable":true,"href":"https:\/\/www.eralpecza.com.tr\/de\/wp-json\/wp\/v2\/users\/1"}],"replies":[{"embeddable":true,"href":"https:\/\/www.eralpecza.com.tr\/de\/wp-json\/wp\/v2\/comments?post=279"}],"version-history":[{"count":53,"href":"https:\/\/www.eralpecza.com.tr\/de\/wp-json\/wp\/v2\/pages\/279\/revisions"}],"predecessor-version":[{"id":1192,"href":"https:\/\/www.eralpecza.com.tr\/de\/wp-json\/wp\/v2\/pages\/279\/revisions\/1192"}],"wp:attachment":[{"href":"https:\/\/www.eralpecza.com.tr\/de\/wp-json\/wp\/v2\/media?parent=279"}],"curies":[{"name":"wp","href":"https:\/\/api.w.org\/{rel}","templated":true}]}}