{"id":1152,"date":"2025-08-28T08:50:46","date_gmt":"2025-08-28T08:50:46","guid":{"rendered":"https:\/\/www.eralpecza.com.tr\/?page_id=1152"},"modified":"2025-08-28T16:46:04","modified_gmt":"2025-08-28T16:46:04","slug":"urun-katalogu","status":"publish","type":"page","link":"https:\/\/www.eralpecza.com.tr\/es\/urun-katalogu\/","title":{"rendered":"Cat\u00e1logo de productos"},"content":{"rendered":"<div class=\"row row-collapse row-full-width align-equal\"  id=\"row-1924660106\">\n\n\t<div id=\"col-1209899373\" class=\"col medium-12 small-12 large-12\"  >\n\t\t\t\t<div class=\"col-inner text-center\"  >\n\t\t\t\n\t\t\t\n\n\t<section class=\"section dark\" id=\"section_82347409\">\n\t\t<div class=\"section-bg fill\" >\n\t\t\t\t\t\t\t\t\t<div class=\"section-bg-overlay absolute fill\"><\/div>\n\t\t\t\n\n\t\t<\/div>\n\n\t\t\t<div class=\"ux-shape-divider ux-shape-divider--top ux-shape-divider--style-waves-opacity-3 ux-shape-divider--flip\">\n\t\t<svg viewbox=\"0 0 1000 300\" xmlns=\"http:\/\/www.w3.org\/2000\/svg\" preserveaspectratio=\"none\">\n\t<path class=\"ux-shape-fill\" opacity=\"0.05\" d=\"M1014 264V386H206L34 300C34 300 344.42 277.16 436 221C542 156 590 160 704 209C811 255 899.11 214.94 979 346L1014 264Z\"\/>\n\t<path class=\"ux-shape-fill\" opacity=\"0.1\" d=\"M-302 55C-302 55 -66.73 263.25 50 214C178 160 283 116 353 141C445.68 174.1 534.28 256.19 588 249C692.9 235 764.52 75.94 855 131C940.61 183.09 1000 254 1000 254V328L-306 338L-302 55Z\"\/>\n\t<path class=\"ux-shape-fill\" opacity=\"0.15\" d=\"M-286 255C-286 255 -72 152 52 126C176 100 255 155 436 227C581.57 284.91 614.7 277.79 708 227C787 184 1009 3.0001 1093 164C1146 265.63 1031 293 1031 293L924 377L-288 389L-286 255Z\"\/>\n\t<path class=\"ux-shape-fill\" opacity=\"0.3\" d=\"M-24 69C-24 69 275.68 370.66 389 314C397 310 622 316 673 356C690.47 369.7 845 224 890 182C944.8 130.85 1018 92 1078 143C1154.12 207.7 1196 242 1196 242L1184 374L-28 386L-24 69Z\"\/>\n\t<path class=\"ux-shape-fill\" d=\"M-12 201C-12 201 58 284 182 258C306 232 342.29 221.23 456 264C565 305 640.82 288.36 721 249C776 222 837.5 191.31 935 253C984 284 1030 279 1030 279L1024 430L-12 440V201Z\"\/>\n<\/svg>\n\t<\/div>\n\n\t<div class=\"ux-shape-divider ux-shape-divider--bottom ux-shape-divider--style-waves-opacity-3\">\n\t\t<svg viewbox=\"0 0 1000 300\" xmlns=\"http:\/\/www.w3.org\/2000\/svg\" preserveaspectratio=\"none\">\n\t<path class=\"ux-shape-fill\" opacity=\"0.05\" d=\"M1014 264V386H206L34 300C34 300 344.42 277.16 436 221C542 156 590 160 704 209C811 255 899.11 214.94 979 346L1014 264Z\"\/>\n\t<path class=\"ux-shape-fill\" opacity=\"0.1\" d=\"M-302 55C-302 55 -66.73 263.25 50 214C178 160 283 116 353 141C445.68 174.1 534.28 256.19 588 249C692.9 235 764.52 75.94 855 131C940.61 183.09 1000 254 1000 254V328L-306 338L-302 55Z\"\/>\n\t<path class=\"ux-shape-fill\" opacity=\"0.15\" d=\"M-286 255C-286 255 -72 152 52 126C176 100 255 155 436 227C581.57 284.91 614.7 277.79 708 227C787 184 1009 3.0001 1093 164C1146 265.63 1031 293 1031 293L924 377L-288 389L-286 255Z\"\/>\n\t<path class=\"ux-shape-fill\" opacity=\"0.3\" d=\"M-24 69C-24 69 275.68 370.66 389 314C397 310 622 316 673 356C690.47 369.7 845 224 890 182C944.8 130.85 1018 92 1078 143C1154.12 207.7 1196 242 1196 242L1184 374L-28 386L-24 69Z\"\/>\n\t<path class=\"ux-shape-fill\" d=\"M-12 201C-12 201 58 284 182 258C306 232 342.29 221.23 456 264C565 305 640.82 288.36 721 249C776 222 837.5 191.31 935 253C984 284 1030 279 1030 279L1024 430L-12 440V201Z\"\/>\n<\/svg>\n\t<\/div>\n\n\t\t<div class=\"section-content relative\">\n\t\t\t\n<div class=\"row align-center\"  id=\"row-1795626917\">\n\n\t<div id=\"col-721898984\" class=\"col medium-11 small-12 large-11\"  >\n\t\t\t\t<div class=\"col-inner text-center\"  >\n\t\t\t\n\t\t\t\n\t<div id=\"gap-1538343415\" class=\"gap-element clearfix\" style=\"display:block; height:auto;\">\n\t\t\n<style>\n#gap-1538343415 {\n  padding-top: 10px;\n}\n<\/style>\n\t<\/div>\n\t\n\n\t\t<div class=\"icon-box featured-box icon-box-center text-center\"  >\n\t\t\t\t\t<div class=\"icon-box-img\" style=\"width: 50px\">\n\t\t\t\t<div class=\"icon\">\n\t\t\t\t\t<div class=\"icon-inner\" >\n\t\t\t\t\t\t<img loading=\"lazy\" decoding=\"async\" width=\"120\" height=\"120\" src=\"https:\/\/www.eralpecza.com.tr\/wp-content\/uploads\/2025\/08\/shopping-cart-line.png\" class=\"attachment-medium size-medium\" alt=\"\" srcset=\"https:\/\/www.eralpecza.com.tr\/wp-content\/uploads\/2025\/08\/shopping-cart-line.png 120w, https:\/\/www.eralpecza.com.tr\/wp-content\/uploads\/2025\/08\/shopping-cart-line-100x100.png 100w, https:\/\/www.eralpecza.com.tr\/wp-content\/uploads\/2025\/08\/shopping-cart-line-12x12.png 12w\" sizes=\"auto, (max-width: 120px) 100vw, 120px\" \/>\t\t\t\t\t<\/div>\n\t\t\t\t<\/div>\n\t\t\t<\/div>\n\t\t\t\t<div class=\"icon-box-text last-reset\">\n\t\t\t\t\t\t\t\t\t\n\t<div id=\"text-606963640\" class=\"text\">\n\t\t\n<h3>Cat\u00e1logo de productos <\/p>\n<h3>\n\t\t\n<style>\n#text-606963640 {\n  font-size: 1.5rem;\n}\n<\/style>\n\t<\/div>\n\t\n<p>Descubra los productos Eralp Medical: calidad y confianza en el cuidado de la salud.<\/p>\n\t\t<\/div>\n\t<\/div>\n\t\n\t\n\t<div id=\"gap-889602008\" class=\"gap-element clearfix\" style=\"display:block; height:auto;\">\n\t\t\n<style>\n#gap-889602008 {\n  padding-top: 10px;\n}\n<\/style>\n\t<\/div>\n\t\n<a href=\"https:\/\/www.eralpecza.com.tr\/pdfviewer\/product-catalog\/?auto_viewer=true#page=&#038;zoom=page-fit&#038;pagemode=bookmarks\" class=\"button white is-underline is-xlarge box-shadow-5\"  >\n\t\t<span>Hacer clic<\/span>\n\t<i class=\"icon-play\" aria-hidden=\"true\" ><\/i><\/a>\n\n\t\t<\/div>\n\t\t\t\t\n<style>\n#col-721898984 > .col-inner {\n  padding: 0px 0px 0px 0px;\n  margin: 0px 0px 0px 0px;\n}\n<\/style>\n\t<\/div>\n\n\t\n<\/div>\n\t\t<\/div>\n\n\t\t\n<style>\n#section_82347409 {\n  padding-top: 70px;\n  padding-bottom: 70px;\n  background-color: rgb(255, 255, 255);\n}\n#section_82347409 .section-bg-overlay {\n  background-color: rgb(62, 159, 80);\n}\n#section_82347409 .ux-shape-divider--top svg {\n  height: 150px;\n  --divider-top-width: 100%;\n}\n#section_82347409 .ux-shape-divider--bottom svg {\n  height: 150px;\n  --divider-width: 100%;\n}\n@media (min-width:550px) {\n  #section_82347409 {\n    padding-top: 15px;\n    padding-bottom: 15px;\n  }\n}\n<\/style>\n\t<\/section>\n\t\n\t\t<\/div>\n\t\t\t\t\t<\/div>\n\n\t\n<\/div>","protected":false},"excerpt":{"rendered":"","protected":false},"author":1,"featured_media":0,"parent":0,"menu_order":0,"comment_status":"closed","ping_status":"closed","template":"","meta":{"footnotes":""},"class_list":["post-1152","page","type-page","status-publish","hentry"],"yoast_head":"<!-- This site is optimized with the Yoast SEO Premium plugin v25.7.1 (Yoast SEO v27.4) - https:\/\/yoast.com\/product\/yoast-seo-premium-wordpress\/ -->\n<title>\u00dcr\u00fcn Katalo\u011fu - Eralp Medikal Ecza Deposu<\/title>\n<meta name=\"robots\" content=\"index, follow, max-snippet:-1, max-image-preview:large, max-video-preview:-1\" \/>\n<link rel=\"canonical\" href=\"https:\/\/www.eralpecza.com.tr\/es\/urun-katalogu\/\" \/>\n<meta property=\"og:locale\" content=\"es_ES\" \/>\n<meta property=\"og:type\" content=\"article\" \/>\n<meta property=\"og:title\" content=\"\u00dcr\u00fcn Katalo\u011fu\" \/>\n<meta property=\"og:url\" content=\"https:\/\/www.eralpecza.com.tr\/es\/urun-katalogu\/\" \/>\n<meta property=\"og:site_name\" content=\"Eralp Medikal Ecza Deposu\" \/>\n<meta property=\"article:modified_time\" content=\"2025-08-28T16:46:04+00:00\" \/>\n<meta name=\"twitter:card\" content=\"summary_large_image\" \/>\n<script type=\"application\/ld+json\" class=\"yoast-schema-graph\">{\"@context\":\"https:\\\/\\\/schema.org\",\"@graph\":[{\"@type\":\"WebPage\",\"@id\":\"https:\\\/\\\/www.eralpecza.com.tr\\\/urun-katalogu\\\/\",\"url\":\"https:\\\/\\\/www.eralpecza.com.tr\\\/urun-katalogu\\\/\",\"name\":\"\u00dcr\u00fcn Katalo\u011fu - Eralp Medikal Ecza Deposu\",\"isPartOf\":{\"@id\":\"https:\\\/\\\/www.eralpecza.com.tr\\\/#website\"},\"datePublished\":\"2025-08-28T08:50:46+00:00\",\"dateModified\":\"2025-08-28T16:46:04+00:00\",\"breadcrumb\":{\"@id\":\"https:\\\/\\\/www.eralpecza.com.tr\\\/urun-katalogu\\\/#breadcrumb\"},\"inLanguage\":\"es\",\"potentialAction\":[{\"@type\":\"ReadAction\",\"target\":[\"https:\\\/\\\/www.eralpecza.com.tr\\\/urun-katalogu\\\/\"]}]},{\"@type\":\"BreadcrumbList\",\"@id\":\"https:\\\/\\\/www.eralpecza.com.tr\\\/urun-katalogu\\\/#breadcrumb\",\"itemListElement\":[{\"@type\":\"ListItem\",\"position\":1,\"name\":\"Anasayfa\",\"item\":\"https:\\\/\\\/www.eralpecza.com.tr\\\/\"},{\"@type\":\"ListItem\",\"position\":2,\"name\":\"\u00dcr\u00fcn Katalo\u011fu\"}]},{\"@type\":\"WebSite\",\"@id\":\"https:\\\/\\\/www.eralpecza.com.tr\\\/#website\",\"url\":\"https:\\\/\\\/www.eralpecza.com.tr\\\/\",\"name\":\"Eralp Medikal Ecza Deposu\",\"description\":\"\",\"potentialAction\":[{\"@type\":\"SearchAction\",\"target\":{\"@type\":\"EntryPoint\",\"urlTemplate\":\"https:\\\/\\\/www.eralpecza.com.tr\\\/?s={search_term_string}\"},\"query-input\":{\"@type\":\"PropertyValueSpecification\",\"valueRequired\":true,\"valueName\":\"search_term_string\"}}],\"inLanguage\":\"es\"}]}<\/script>\n<!-- \/ Yoast SEO Premium plugin. -->","yoast_head_json":{"title":"\u00dcr\u00fcn Katalo\u011fu - Eralp Medikal Ecza Deposu","robots":{"index":"index","follow":"follow","max-snippet":"max-snippet:-1","max-image-preview":"max-image-preview:large","max-video-preview":"max-video-preview:-1"},"canonical":"https:\/\/www.eralpecza.com.tr\/es\/urun-katalogu\/","og_locale":"es_ES","og_type":"article","og_title":"\u00dcr\u00fcn Katalo\u011fu","og_url":"https:\/\/www.eralpecza.com.tr\/es\/urun-katalogu\/","og_site_name":"Eralp Medikal Ecza Deposu","article_modified_time":"2025-08-28T16:46:04+00:00","twitter_card":"summary_large_image","schema":{"@context":"https:\/\/schema.org","@graph":[{"@type":"WebPage","@id":"https:\/\/www.eralpecza.com.tr\/urun-katalogu\/","url":"https:\/\/www.eralpecza.com.tr\/urun-katalogu\/","name":"\u00dcr\u00fcn Katalo\u011fu - Eralp Medikal Ecza Deposu","isPartOf":{"@id":"https:\/\/www.eralpecza.com.tr\/#website"},"datePublished":"2025-08-28T08:50:46+00:00","dateModified":"2025-08-28T16:46:04+00:00","breadcrumb":{"@id":"https:\/\/www.eralpecza.com.tr\/urun-katalogu\/#breadcrumb"},"inLanguage":"es","potentialAction":[{"@type":"ReadAction","target":["https:\/\/www.eralpecza.com.tr\/urun-katalogu\/"]}]},{"@type":"BreadcrumbList","@id":"https:\/\/www.eralpecza.com.tr\/urun-katalogu\/#breadcrumb","itemListElement":[{"@type":"ListItem","position":1,"name":"Anasayfa","item":"https:\/\/www.eralpecza.com.tr\/"},{"@type":"ListItem","position":2,"name":"\u00dcr\u00fcn Katalo\u011fu"}]},{"@type":"WebSite","@id":"https:\/\/www.eralpecza.com.tr\/#website","url":"https:\/\/www.eralpecza.com.tr\/","name":"Almac\u00e9n de farmacia m\u00e9dica Eralp","description":"","potentialAction":[{"@type":"SearchAction","target":{"@type":"EntryPoint","urlTemplate":"https:\/\/www.eralpecza.com.tr\/?s={search_term_string}"},"query-input":{"@type":"PropertyValueSpecification","valueRequired":true,"valueName":"search_term_string"}}],"inLanguage":"es"}]}},"_links":{"self":[{"href":"https:\/\/www.eralpecza.com.tr\/es\/wp-json\/wp\/v2\/pages\/1152","targetHints":{"allow":["GET"]}}],"collection":[{"href":"https:\/\/www.eralpecza.com.tr\/es\/wp-json\/wp\/v2\/pages"}],"about":[{"href":"https:\/\/www.eralpecza.com.tr\/es\/wp-json\/wp\/v2\/types\/page"}],"author":[{"embeddable":true,"href":"https:\/\/www.eralpecza.com.tr\/es\/wp-json\/wp\/v2\/users\/1"}],"replies":[{"embeddable":true,"href":"https:\/\/www.eralpecza.com.tr\/es\/wp-json\/wp\/v2\/comments?post=1152"}],"version-history":[{"count":11,"href":"https:\/\/www.eralpecza.com.tr\/es\/wp-json\/wp\/v2\/pages\/1152\/revisions"}],"predecessor-version":[{"id":1228,"href":"https:\/\/www.eralpecza.com.tr\/es\/wp-json\/wp\/v2\/pages\/1152\/revisions\/1228"}],"wp:attachment":[{"href":"https:\/\/www.eralpecza.com.tr\/es\/wp-json\/wp\/v2\/media?parent=1152"}],"curies":[{"name":"wp","href":"https:\/\/api.w.org\/{rel}","templated":true}]}}