{"id":1281,"date":"2026-04-21T12:08:43","date_gmt":"2026-04-21T12:08:43","guid":{"rendered":"https:\/\/www.eralpecza.com.tr\/?post_type=product&#038;p=1281"},"modified":"2026-04-25T05:47:48","modified_gmt":"2026-04-25T05:47:48","slug":"lumbostat-korse","status":"publish","type":"product","link":"https:\/\/www.eralpecza.com.tr\/fa\/product\/lumbostat-korse\/","title":{"rendered":"\u06a9\u0631\u0633\u062a \u0644\u0648\u0645\u0628\u0648\u0633\u062a\u0627\u062a"},"content":{"rendered":"<p>\u0645\u0648\u0627\u0631\u062f \u0628\u0627\u0644\u06cc\u0646\u06cc:<\/p>\n<p>- \u062f\u0631\u062f \u067e\u0627\u06cc\u06cc\u0646 \u06a9\u0645\u0631: \u062a\u0633\u06a9\u06cc\u0646 \u0648 \u062d\u0645\u0627\u06cc\u062a \u0627\u0632 \u06a9\u0645\u0631\u062f\u0631\u062f\u0647\u0627\u06cc \u0645\u0632\u0645\u0646 \u0648 \u062d\u0627\u062f \u0631\u0627 \u0641\u0631\u0627\u0647\u0645 \u0645\u06cc\u200c\u06a9\u0646\u062f.<\/p>\n<p>- \u0641\u062a\u0642 \u062f\u06cc\u0633\u06a9 \u0648 \u0627\u062e\u062a\u0644\u0627\u0644\u0627\u062a \u06a9\u0645\u0631\u06cc: \u0637\u0631\u0627\u062d\u06cc \u0628\u0627 \u067e\u0634\u062a\u06cc\u0628\u0627\u0646\u06cc \u0641\u0644\u0632\u06cc \u0645\u0646\u0637\u0642\u0647 \u06a9\u0645\u0631\u06cc \u0631\u0627 \u062a\u062b\u0628\u06cc\u062a \u06a9\u0631\u062f\u0647 \u0648 \u062f\u0631\u062f \u0631\u0627 \u06a9\u0627\u0647\u0634 \u0645\u06cc\u200c\u062f\u0647\u062f.<\/p>\n<p>- \u0627\u0635\u0644\u0627\u062d \u0648\u0636\u0639\u06cc\u062a \u0628\u062f\u0646: \u0648\u0636\u0639\u06cc\u062a \u0633\u062a\u0648\u0646 \u0641\u0642\u0631\u0627\u062a \u0631\u0627 \u062d\u0641\u0638 \u06a9\u0631\u062f\u0647 \u0648 \u062f\u0631 \u0641\u0639\u0627\u0644\u06cc\u062a\u200c\u0647\u0627\u06cc \u0631\u0648\u0632\u0627\u0646\u0647 \u0648\u0636\u0639\u06cc\u062a \u0635\u062d\u06cc\u062d \u0631\u0627 \u062d\u0645\u0627\u06cc\u062a \u0645\u06cc\u200c\u06a9\u0646\u062f.<\/p>\n<p>- \u067e\u0634\u062a\u06cc\u0628\u0627\u0646\u06cc \u067e\u0633 \u0627\u0632 \u0639\u0645\u0644 \u062c\u0631\u0627\u062d\u06cc: \u0628\u0647 \u0628\u0647\u0628\u0648\u062f \u0627\u06cc\u0645\u0646 \u0648 \u0631\u0627\u062d\u062a \u0628\u0639\u062f \u0627\u0632 \u062c\u0631\u0627\u062d\u06cc \u06a9\u0645\u06a9 \u0645\u06cc\u200c\u06a9\u0646\u062f.<\/p>\n<p>- \u0627\u0633\u062a\u0626\u0648\u0622\u0631\u062a\u0631\u06cc\u062a \u0648 \u0627\u062e\u062a\u0644\u0627\u0644\u0627\u062a \u062f\u0698\u0646\u0631\u0627\u062a\u06cc\u0648: \u0628\u0627\u0631 \u0631\u0648\u06cc \u0645\u0646\u0637\u0642\u0647 \u06a9\u0645\u0631\u06cc \u0631\u0627 \u06a9\u0627\u0647\u0634 \u062f\u0627\u062f\u0647 \u0648 \u06a9\u06cc\u0641\u06cc\u062a \u0632\u0646\u062f\u06af\u06cc \u0631\u0627 \u0628\u0647\u0628\u0648\u062f \u0645\u06cc\u200c\u0628\u062e\u0634\u062f.<\/p>\n<p>&nbsp;<\/p>\n<p>\u0648\u06cc\u0698\u06af\u06cc\u200c\u0647\u0627\u06cc \u0641\u0646\u06cc:<\/p>\n<p>- \u0628\u0646\u062f\u0647\u0627\u06cc \u0642\u0627\u0628\u0644 \u062a\u0646\u0638\u06cc\u0645: \u062a\u0646\u0627\u0633\u0628 \u0648 \u0631\u0627\u062d\u062a\u06cc \u0634\u062e\u0635\u06cc \u0631\u0627 \u0641\u0631\u0627\u0647\u0645 \u0645\u06cc\u200c\u06a9\u0646\u0646\u062f.<\/p>\n<p>- \u067e\u0627\u0631\u0686\u0647 \u0628\u0627\u0641\u062a\u0647 \u0634\u062f\u0647: \u0633\u0628\u06a9\u060c \u0642\u0627\u0628\u0644 \u062a\u0646\u0641\u0633 \u0648 \u0628\u0627\u062f\u0648\u0627\u0645\u061b \u0627\u062c\u0627\u0632\u0647 \u0622\u0632\u0627\u062f\u06cc \u062d\u0631\u06a9\u062a \u0645\u06cc\u200c\u062f\u0647\u062f.<\/p>\n<p>- \u067e\u0644\u062a\u200c\u0647\u0627\u06cc \u0628\u0627 \u067e\u0634\u062a\u06cc\u0628\u0627\u0646\u06cc \u0641\u0644\u0632\u06cc: \u062a\u062b\u0628\u06cc\u062a \u0627\u0636\u0627\u0641\u06cc \u06a9\u0645\u0631\u06cc \u0641\u0631\u0627\u0647\u0645 \u0645\u06cc\u200c\u06a9\u0646\u0646\u062f.<\/p>\n<p>- \u0633\u0627\u06cc\u0632\u0647\u0627: \u0627\u0633\u062a\u0627\u0646\u062f\u0627\u0631\u062f\u060c S\u060c M\u060c L\u060c XL\u060c XXL\u060c XXXL.<\/p>\n<p>- \u0637\u0631\u0627\u062d\u06cc \u0627\u0631\u06af\u0648\u0646\u0648\u0645\u06cc\u06a9: \u0622\u0633\u0627\u0646 \u0628\u0631\u0627\u06cc \u067e\u0648\u0634\u06cc\u062f\u0646 \u0648 \u062f\u0631\u0622\u0648\u0631\u062f\u0646.<\/p>\n<p>&nbsp;<\/p>\n<p>\u0645\u0632\u0627\u06cc\u0627\u06cc \u0628\u0627\u0644\u06cc\u0646\u06cc:<\/p>\n<p>- \u062f\u0631\u062f \u06a9\u0645\u0631 \u0631\u0627 \u0628\u0627 \u067e\u0627\u06cc\u062f\u0627\u0631\u06cc \u0627\u0636\u0627\u0641\u06cc \u0646\u0627\u0634\u06cc \u0627\u0632 \u067e\u0634\u062a\u06cc\u0628\u0627\u0646\u06cc \u0641\u0644\u0632\u06cc \u06a9\u0627\u0647\u0634 \u0645\u06cc\u200c\u062f\u0647\u062f.<\/p>\n<p>- \u0627\u0646\u0639\u0637\u0627\u0641\u200c\u067e\u0630\u06cc\u0631\u060c \u0628\u0627\u062f\u0648\u0627\u0645 \u0648 \u0631\u0627\u062d\u062a \u0628\u0627 \u067e\u0627\u0631\u0686\u0647 \u0628\u0627\u0641\u062a\u0647 \u0634\u062f\u0647.<\/p>\n<p>- \u06a9\u0645\u06a9 \u0628\u0647 \u062d\u0641\u0638 \u0648\u0636\u0639\u06cc\u062a \u0628\u062f\u0646 \u0648 \u0631\u0627\u062d\u062a\u06cc \u062f\u0631 \u0641\u0639\u0627\u0644\u06cc\u062a\u200c\u0647\u0627\u06cc \u0631\u0648\u0632\u0627\u0646\u0647.<\/p>\n<p>- \u067e\u0634\u062a\u06cc\u0628\u0627\u0646\u06cc \u0627\u06cc\u0645\u0646 \u067e\u0633 \u0627\u0632 \u062c\u0631\u0627\u062d\u06cc \u06cc\u0627 \u062f\u0631 \u0634\u0631\u0627\u06cc\u0637 \u0645\u0632\u0645\u0646.<\/p>\n<p>- \u062f\u0648\u0633\u062a\u0627\u0646\u0647 \u0628\u0631\u0627\u06cc \u067e\u0648\u0633\u062a \u0648 \u0631\u0627\u062d\u062a \u062d\u062a\u06cc \u062f\u0631 \u0627\u0633\u062a\u0641\u0627\u062f\u0647 \u0637\u0648\u0644\u0627\u0646\u06cc\u200c\u0645\u062f\u062a.<\/p>","protected":false},"excerpt":{"rendered":"<p>Klinik Kullan\u0131m Alanlar\u0131: &#8211; Bel A\u011fr\u0131s\u0131: Kronik ve akut bel a\u011fr\u0131lar\u0131nda rahatlat\u0131c\u0131 ve destekleyici etki sa\u011flar. &#8211; Bel F\u0131t\u0131\u011f\u0131 ve Disk Problemleri: Metal destekli tasar\u0131m\u0131 ile lomber b\u00f6lgeyi stabilize eder, a\u011fr\u0131y\u0131 azalt\u0131r. &#8211; Post\u00fcr D\u00fczeltme: Omurga hizas\u0131n\u0131 koruyarak g\u00fcnl\u00fck aktivitelerde do\u011fru duru\u015fu destekler. &#8211; Ameliyat Sonras\u0131 Destek: Cerrahi sonras\u0131 iyile\u015fmeyi g\u00fcvenli ve konforlu \u015fekilde destekler. [&#8230;]","protected":false},"featured_media":1289,"template":"","meta":[],"product_brand":[],"product_cat":[106],"product_tag":[102,103,105,104],"class_list":{"0":"post-1281","1":"product","2":"type-product","3":"status-publish","4":"has-post-thumbnail","6":"product_cat-korse","7":"product_tag-lumbostat-korse","8":"product_tag-lumbostat-korse-istanbul","9":"product_tag-lumbostat-korse-medikal-toptanci","10":"product_tag-lumbostat-korse-toptan","12":"first","13":"instock","14":"shipping-taxable","15":"product-type-simple"},"yoast_head":"<!-- This site is optimized with the Yoast SEO Premium plugin v25.7.1 (Yoast SEO v27.4) - https:\/\/yoast.com\/product\/yoast-seo-premium-wordpress\/ -->\n<title>Lumbostat Korse - Eralp Medikal Ecza Deposu<\/title>\n<meta name=\"robots\" content=\"index, follow, max-snippet:-1, max-image-preview:large, max-video-preview:-1\" \/>\n<link rel=\"canonical\" href=\"https:\/\/www.eralpecza.com.tr\/fa\/product\/lumbostat-korse\/\" \/>\n<meta property=\"og:locale\" content=\"fa_IR\" \/>\n<meta property=\"og:type\" content=\"article\" \/>\n<meta property=\"og:title\" content=\"Lumbostat Korse\" \/>\n<meta property=\"og:description\" content=\"Klinik Kullan\u0131m Alanlar\u0131: &#8211; Bel A\u011fr\u0131s\u0131: Kronik ve akut bel a\u011fr\u0131lar\u0131nda rahatlat\u0131c\u0131 ve destekleyici etki sa\u011flar. &#8211; Bel F\u0131t\u0131\u011f\u0131 ve Disk Problemleri: Metal destekli tasar\u0131m\u0131 ile lomber b\u00f6lgeyi stabilize eder, a\u011fr\u0131y\u0131 azalt\u0131r. &#8211; Post\u00fcr D\u00fczeltme: Omurga hizas\u0131n\u0131 koruyarak g\u00fcnl\u00fck aktivitelerde do\u011fru duru\u015fu destekler. &#8211; Ameliyat Sonras\u0131 Destek: Cerrahi sonras\u0131 iyile\u015fmeyi g\u00fcvenli ve konforlu \u015fekilde destekler. [...]\" \/>\n<meta property=\"og:url\" content=\"https:\/\/www.eralpecza.com.tr\/fa\/product\/lumbostat-korse\/\" \/>\n<meta property=\"og:site_name\" content=\"Eralp Medikal Ecza Deposu\" \/>\n<meta property=\"article:modified_time\" content=\"2026-04-25T05:47:48+00:00\" \/>\n<meta property=\"og:image\" content=\"https:\/\/www.eralpecza.com.tr\/wp-content\/uploads\/2026\/04\/Lumbostat-Korse-Eralp-Medikal-ve-Ecza-Deposu.png\" \/>\n\t<meta property=\"og:image:width\" content=\"1000\" \/>\n\t<meta property=\"og:image:height\" content=\"1000\" \/>\n\t<meta property=\"og:image:type\" content=\"image\/png\" \/>\n<meta name=\"twitter:card\" content=\"summary_large_image\" \/>\n<meta name=\"twitter:label1\" content=\"\u0632\u0645\u0627\u0646 \u062a\u0642\u0631\u06cc\u0628\u06cc \u0628\u0631\u0627\u06cc \u062e\u0648\u0627\u0646\u062f\u0646\" \/>\n\t<meta name=\"twitter:data1\" content=\"2 \u062f\u0642\u06cc\u0642\u0647\" \/>\n<script type=\"application\/ld+json\" class=\"yoast-schema-graph\">{\"@context\":\"https:\\\/\\\/schema.org\",\"@graph\":[{\"@type\":\"WebPage\",\"@id\":\"https:\\\/\\\/www.eralpecza.com.tr\\\/urun\\\/lumbostat-korse\\\/\",\"url\":\"https:\\\/\\\/www.eralpecza.com.tr\\\/urun\\\/lumbostat-korse\\\/\",\"name\":\"Lumbostat Korse - Eralp Medikal Ecza Deposu\",\"isPartOf\":{\"@id\":\"https:\\\/\\\/www.eralpecza.com.tr\\\/#website\"},\"primaryImageOfPage\":{\"@id\":\"https:\\\/\\\/www.eralpecza.com.tr\\\/urun\\\/lumbostat-korse\\\/#primaryimage\"},\"image\":{\"@id\":\"https:\\\/\\\/www.eralpecza.com.tr\\\/urun\\\/lumbostat-korse\\\/#primaryimage\"},\"thumbnailUrl\":\"https:\\\/\\\/www.eralpecza.com.tr\\\/wp-content\\\/uploads\\\/2026\\\/04\\\/Lumbostat-Korse-Eralp-Medikal-ve-Ecza-Deposu.png\",\"datePublished\":\"2026-04-21T12:08:43+00:00\",\"dateModified\":\"2026-04-25T05:47:48+00:00\",\"breadcrumb\":{\"@id\":\"https:\\\/\\\/www.eralpecza.com.tr\\\/urun\\\/lumbostat-korse\\\/#breadcrumb\"},\"inLanguage\":\"fa-IR\",\"potentialAction\":[{\"@type\":\"ReadAction\",\"target\":[\"https:\\\/\\\/www.eralpecza.com.tr\\\/urun\\\/lumbostat-korse\\\/\"]}]},{\"@type\":\"ImageObject\",\"inLanguage\":\"fa-IR\",\"@id\":\"https:\\\/\\\/www.eralpecza.com.tr\\\/urun\\\/lumbostat-korse\\\/#primaryimage\",\"url\":\"https:\\\/\\\/www.eralpecza.com.tr\\\/wp-content\\\/uploads\\\/2026\\\/04\\\/Lumbostat-Korse-Eralp-Medikal-ve-Ecza-Deposu.png\",\"contentUrl\":\"https:\\\/\\\/www.eralpecza.com.tr\\\/wp-content\\\/uploads\\\/2026\\\/04\\\/Lumbostat-Korse-Eralp-Medikal-ve-Ecza-Deposu.png\",\"width\":1000,\"height\":1000},{\"@type\":\"BreadcrumbList\",\"@id\":\"https:\\\/\\\/www.eralpecza.com.tr\\\/urun\\\/lumbostat-korse\\\/#breadcrumb\",\"itemListElement\":[{\"@type\":\"ListItem\",\"position\":1,\"name\":\"Anasayfa\",\"item\":\"https:\\\/\\\/www.eralpecza.com.tr\\\/\"},{\"@type\":\"ListItem\",\"position\":2,\"name\":\"\u00dcr\u00fcnlerimiz\",\"item\":\"https:\\\/\\\/www.eralpecza.com.tr\\\/urunlerimiz\\\/\"},{\"@type\":\"ListItem\",\"position\":3,\"name\":\"Lumbostat Korse\"}]},{\"@type\":\"WebSite\",\"@id\":\"https:\\\/\\\/www.eralpecza.com.tr\\\/#website\",\"url\":\"https:\\\/\\\/www.eralpecza.com.tr\\\/\",\"name\":\"Eralp Medikal Ecza Deposu\",\"description\":\"\",\"potentialAction\":[{\"@type\":\"SearchAction\",\"target\":{\"@type\":\"EntryPoint\",\"urlTemplate\":\"https:\\\/\\\/www.eralpecza.com.tr\\\/?s={search_term_string}\"},\"query-input\":{\"@type\":\"PropertyValueSpecification\",\"valueRequired\":true,\"valueName\":\"search_term_string\"}}],\"inLanguage\":\"fa-IR\"}]}<\/script>\n<!-- \/ Yoast SEO Premium plugin. -->","yoast_head_json":{"title":"Lumbostat Korse - Eralp Medikal Ecza Deposu","robots":{"index":"index","follow":"follow","max-snippet":"max-snippet:-1","max-image-preview":"max-image-preview:large","max-video-preview":"max-video-preview:-1"},"canonical":"https:\/\/www.eralpecza.com.tr\/fa\/product\/lumbostat-korse\/","og_locale":"fa_IR","og_type":"article","og_title":"Lumbostat Korse","og_description":"Klinik Kullan\u0131m Alanlar\u0131: &#8211; Bel A\u011fr\u0131s\u0131: Kronik ve akut bel a\u011fr\u0131lar\u0131nda rahatlat\u0131c\u0131 ve destekleyici etki sa\u011flar. &#8211; Bel F\u0131t\u0131\u011f\u0131 ve Disk Problemleri: Metal destekli tasar\u0131m\u0131 ile lomber b\u00f6lgeyi stabilize eder, a\u011fr\u0131y\u0131 azalt\u0131r. &#8211; Post\u00fcr D\u00fczeltme: Omurga hizas\u0131n\u0131 koruyarak g\u00fcnl\u00fck aktivitelerde do\u011fru duru\u015fu destekler. &#8211; Ameliyat Sonras\u0131 Destek: Cerrahi sonras\u0131 iyile\u015fmeyi g\u00fcvenli ve konforlu \u015fekilde destekler. [...]","og_url":"https:\/\/www.eralpecza.com.tr\/fa\/product\/lumbostat-korse\/","og_site_name":"Eralp Medikal Ecza Deposu","article_modified_time":"2026-04-25T05:47:48+00:00","og_image":[{"width":1000,"height":1000,"url":"https:\/\/www.eralpecza.com.tr\/wp-content\/uploads\/2026\/04\/Lumbostat-Korse-Eralp-Medikal-ve-Ecza-Deposu.png","type":"image\/png"}],"twitter_card":"summary_large_image","twitter_misc":{"\u0632\u0645\u0627\u0646 \u062a\u0642\u0631\u06cc\u0628\u06cc \u0628\u0631\u0627\u06cc \u062e\u0648\u0627\u0646\u062f\u0646":"2 \u062f\u0642\u06cc\u0642\u0647"},"schema":{"@context":"https:\/\/schema.org","@graph":[{"@type":"WebPage","@id":"https:\/\/www.eralpecza.com.tr\/urun\/lumbostat-korse\/","url":"https:\/\/www.eralpecza.com.tr\/urun\/lumbostat-korse\/","name":"Lumbostat Korse - Eralp Medikal Ecza Deposu","isPartOf":{"@id":"https:\/\/www.eralpecza.com.tr\/#website"},"primaryImageOfPage":{"@id":"https:\/\/www.eralpecza.com.tr\/urun\/lumbostat-korse\/#primaryimage"},"image":{"@id":"https:\/\/www.eralpecza.com.tr\/urun\/lumbostat-korse\/#primaryimage"},"thumbnailUrl":"https:\/\/www.eralpecza.com.tr\/wp-content\/uploads\/2026\/04\/Lumbostat-Korse-Eralp-Medikal-ve-Ecza-Deposu.png","datePublished":"2026-04-21T12:08:43+00:00","dateModified":"2026-04-25T05:47:48+00:00","breadcrumb":{"@id":"https:\/\/www.eralpecza.com.tr\/urun\/lumbostat-korse\/#breadcrumb"},"inLanguage":"fa-IR","potentialAction":[{"@type":"ReadAction","target":["https:\/\/www.eralpecza.com.tr\/urun\/lumbostat-korse\/"]}]},{"@type":"ImageObject","inLanguage":"fa-IR","@id":"https:\/\/www.eralpecza.com.tr\/urun\/lumbostat-korse\/#primaryimage","url":"https:\/\/www.eralpecza.com.tr\/wp-content\/uploads\/2026\/04\/Lumbostat-Korse-Eralp-Medikal-ve-Ecza-Deposu.png","contentUrl":"https:\/\/www.eralpecza.com.tr\/wp-content\/uploads\/2026\/04\/Lumbostat-Korse-Eralp-Medikal-ve-Ecza-Deposu.png","width":1000,"height":1000},{"@type":"BreadcrumbList","@id":"https:\/\/www.eralpecza.com.tr\/urun\/lumbostat-korse\/#breadcrumb","itemListElement":[{"@type":"ListItem","position":1,"name":"Anasayfa","item":"https:\/\/www.eralpecza.com.tr\/"},{"@type":"ListItem","position":2,"name":"\u00dcr\u00fcnlerimiz","item":"https:\/\/www.eralpecza.com.tr\/urunlerimiz\/"},{"@type":"ListItem","position":3,"name":"Lumbostat Korse"}]},{"@type":"WebSite","@id":"https:\/\/www.eralpecza.com.tr\/#website","url":"https:\/\/www.eralpecza.com.tr\/","name":"\u0627\u0646\u0628\u0627\u0631 \u062f\u0627\u0631\u0648\u062e\u0627\u0646\u0647 \u067e\u0632\u0634\u06a9\u06cc \u0627\u0631\u0627\u0644\u067e","description":"","potentialAction":[{"@type":"SearchAction","target":{"@type":"EntryPoint","urlTemplate":"https:\/\/www.eralpecza.com.tr\/?s={search_term_string}"},"query-input":{"@type":"PropertyValueSpecification","valueRequired":true,"valueName":"search_term_string"}}],"inLanguage":"fa-IR"}]}},"_links":{"self":[{"href":"https:\/\/www.eralpecza.com.tr\/fa\/wp-json\/wp\/v2\/product\/1281","targetHints":{"allow":["GET"]}}],"collection":[{"href":"https:\/\/www.eralpecza.com.tr\/fa\/wp-json\/wp\/v2\/product"}],"about":[{"href":"https:\/\/www.eralpecza.com.tr\/fa\/wp-json\/wp\/v2\/types\/product"}],"wp:featuredmedia":[{"embeddable":true,"href":"https:\/\/www.eralpecza.com.tr\/fa\/wp-json\/wp\/v2\/media\/1289"}],"wp:attachment":[{"href":"https:\/\/www.eralpecza.com.tr\/fa\/wp-json\/wp\/v2\/media?parent=1281"}],"wp:term":[{"taxonomy":"product_brand","embeddable":true,"href":"https:\/\/www.eralpecza.com.tr\/fa\/wp-json\/wp\/v2\/product_brand?post=1281"},{"taxonomy":"product_cat","embeddable":true,"href":"https:\/\/www.eralpecza.com.tr\/fa\/wp-json\/wp\/v2\/product_cat?post=1281"},{"taxonomy":"product_tag","embeddable":true,"href":"https:\/\/www.eralpecza.com.tr\/fa\/wp-json\/wp\/v2\/product_tag?post=1281"}],"curies":[{"name":"wp","href":"https:\/\/api.w.org\/{rel}","templated":true}]}}