{"id":1286,"date":"2026-04-24T07:40:24","date_gmt":"2026-04-24T07:40:24","guid":{"rendered":"https:\/\/www.eralpecza.com.tr\/?post_type=product&#038;p=1286"},"modified":"2026-04-25T05:50:37","modified_gmt":"2026-04-25T05:50:37","slug":"tlso-torako-lumbo-sakral-ortez","status":"publish","type":"product","link":"https:\/\/www.eralpecza.com.tr\/fa\/product\/tlso-torako-lumbo-sakral-ortez\/","title":{"rendered":"TLSO (\u0627\u0631\u062a\u0632 \u062a\u0648\u0631\u0627\u06a9\u0648-\u0644\u0648\u0645\u0628\u0648-\u0633\u0627\u06a9\u0631\u0627\u0644)"},"content":{"rendered":"<h2 data-section-id=\"1391wtg\" data-start=\"79\" data-end=\"137\">\ud83c\uddee\ud83c\uddf7 TLSO (\u0627\u0631\u062a\u0632 \u062a\u0648\u0631\u0627\u06a9\u0648-\u0644\u0648\u0645\u0628\u0648-\u0633\u0627\u06a9\u0631\u0627\u0644) \u2013 \u067e\u0631\u0648\u062a\u06a9\u0644 \u0628\u0627\u0644\u06cc\u0646\u06cc<\/h2>\n<h3 data-section-id=\"1huxiou\" data-start=\"139\" data-end=\"160\"><span role=\"text\"><strong data-start=\"143\" data-end=\"160\">\u0627\u0646\u062f\u06cc\u06a9\u0627\u0633\u06cc\u0648\u0646\u200c\u0647\u0627<\/strong><\/span><\/h3>\n<ul data-start=\"161\" data-end=\"379\">\n<li data-section-id=\"l8benz\" data-start=\"161\" data-end=\"203\">\u0634\u06a9\u0633\u062a\u06af\u06cc\u200c\u0647\u0627\u06cc \u0645\u0647\u0631\u0647\u200c\u0627\u06cc (\u0641\u0634\u0627\u0631\u06cc\u060c \u0627\u0646\u0641\u062c\u0627\u0631\u06cc)<\/li>\n<li data-section-id=\"1ya0916\" data-start=\"204\" data-end=\"234\">\u062a\u062b\u0628\u06cc\u062a \u067e\u0633 \u0627\u0632 \u062c\u0631\u0627\u062d\u06cc<\/li>\n<li data-section-id=\"1l8ovgl\" data-start=\"235\" data-end=\"287\">\u0628\u062f\u0634\u06a9\u0644\u06cc\u200c\u0647\u0627\u06cc \u0633\u062a\u0648\u0646 \u0641\u0642\u0631\u0627\u062a (\u0627\u0633\u06a9\u0648\u0644\u06cc\u0648\u0632\u060c \u06a9\u06cc\u0641\u0648\u0632\u060c \u0647\u0627\u06cc\u067e\u0631\u06a9\u06cc\u0641\u0648\u0632)<\/li>\n<li data-section-id=\"zstshr\" data-start=\"288\" data-end=\"310\">\u0646\u0627\u067e\u0627\u06cc\u062f\u0627\u0631\u06cc \u0633\u062a\u0648\u0646 \u0641\u0642\u0631\u0627\u062a<\/li>\n<li data-section-id=\"1i6240q\" data-start=\"311\" data-end=\"343\">\u0645\u062d\u0627\u0641\u0638\u062a \u0627\u0632 \u0633\u062a\u0648\u0646 \u0641\u0642\u0631\u0627\u062a \u067e\u0633 \u0627\u0632 \u062a\u0631\u0648\u0645\u0627<\/li>\n<li data-section-id=\"7twvl\" data-start=\"344\" data-end=\"379\">\u0628\u06cc\u0645\u0627\u0631\u06cc\u200c\u0647\u0627\u06cc \u062f\u0698\u0646\u0631\u0627\u062a\u06cc\u0648 \u0633\u062a\u0648\u0646 \u0641\u0642\u0631\u0627\u062a<\/li>\n<\/ul>\n<hr data-start=\"381\" data-end=\"384\" \/>\n<h3 data-section-id=\"1lkfe4u\" data-start=\"386\" data-end=\"405\"><span role=\"text\"><strong data-start=\"390\" data-end=\"405\">\u0627\u0647\u062f\u0627\u0641 \u0628\u0627\u0644\u06cc\u0646\u06cc<\/strong><\/span><\/h3>\n<ul data-start=\"406\" data-end=\"645\">\n<li data-section-id=\"1u0ruty\" data-start=\"406\" data-end=\"442\">\u0628\u06cc\u200c\u062d\u0631\u06a9\u062a\u200c\u0633\u0627\u0632\u06cc \u0633\u062a\u0648\u0646 \u0641\u0642\u0631\u0627\u062a \u062a\u0648\u0631\u0627\u0633\u06cc\u06a9 \u0648 \u06a9\u0645\u0631\u06cc<\/li>\n<li data-section-id=\"1rgvzj7\" data-start=\"443\" data-end=\"501\">\u0645\u062d\u062f\u0648\u062f\u0633\u0627\u0632\u06cc \u062d\u0631\u06a9\u0627\u062a (\u0641\u0644\u06a9\u0634\u0646\u060c \u0627\u06a9\u0633\u062a\u0646\u0634\u0646\u060c \u0686\u0631\u062e\u0634)<\/li>\n<li data-section-id=\"1runx48\" data-start=\"502\" data-end=\"543\">\u0627\u0635\u0644\u0627\u062d \u0648\u0636\u0639\u06cc\u062a \u0628\u062f\u0646 \u0628\u0627 \u0627\u0635\u0644 \u0633\u0647\u200c\u0646\u0642\u0637\u0647\u200c\u0627\u06cc \u0641\u0634\u0627\u0631<\/li>\n<li data-section-id=\"1s6tizq\" data-start=\"544\" data-end=\"561\">\u06a9\u0645\u06a9 \u0628\u0647 \u06a9\u0627\u0647\u0634 \u062f\u0631\u062f<\/li>\n<li data-section-id=\"1dw4otc\" data-start=\"562\" data-end=\"592\">\u062a\u0633\u0647\u06cc\u0644 \u0628\u0633\u06cc\u062c \u0632\u0648\u062f\u0647\u0646\u06af\u0627\u0645 \u0627\u06cc\u0645\u0646<\/li>\n<li data-section-id=\"mkbbnx\" data-start=\"593\" data-end=\"616\">\u0645\u062d\u0627\u0641\u0638\u062a \u067e\u0633 \u0627\u0632 \u062c\u0631\u0627\u062d\u06cc<\/li>\n<li data-section-id=\"1qiddos\" data-start=\"617\" data-end=\"645\">\u06a9\u0627\u0647\u0634 \u0628\u0627\u0631 \u0648\u0627\u0631\u062f \u0628\u0631 \u0633\u062a\u0648\u0646 \u0641\u0642\u0631\u0627\u062a \u062f\u0631 \u0641\u0639\u0627\u0644\u06cc\u062a\u200c\u0647\u0627\u06cc \u0631\u0648\u0632\u0645\u0631\u0647<\/li>\n<\/ul>\n<hr data-start=\"647\" data-end=\"650\" \/>\n<h3 data-section-id=\"16xtfwo\" data-start=\"652\" data-end=\"680\"><span role=\"text\"><strong data-start=\"656\" data-end=\"680\">\u0627\u0635\u0648\u0644 \u06a9\u0627\u0631\u0628\u0631\u062f<\/strong><\/span><\/h3>\n<ul data-start=\"681\" data-end=\"943\">\n<li data-section-id=\"6s2uht\" data-start=\"681\" data-end=\"713\">\u0627\u0646\u062f\u0627\u0632\u0647\u200c\u06af\u06cc\u0631\u06cc \u0627\u062e\u062a\u0635\u0627\u0635\u06cc \u0648 \u0637\u0631\u0627\u062d\u06cc \u0627\u0631\u062a\u0632 \u0645\u062a\u0646\u0627\u0633\u0628 \u0628\u0627 \u0628\u06cc\u0645\u0627\u0631<\/li>\n<li data-section-id=\"wjf4vq\" data-start=\"714\" data-end=\"749\">\u0628\u0631\u0631\u0633\u06cc \u0641\u06cc\u062a (\u062a\u0646\u0627\u0633\u0628) \u0648 \u0647\u0645\u200c\u0631\u0627\u0633\u062a\u0627\u06cc\u06cc \u0635\u062d\u06cc\u062d<\/li>\n<li data-section-id=\"1cwjs4\" data-start=\"750\" data-end=\"784\">\u0645\u062f\u062a \u0627\u0633\u062a\u0641\u0627\u062f\u0647: \u06f6 \u062a\u0627 \u06f2\u06f3 \u0633\u0627\u0639\u062a \u062f\u0631 \u0631\u0648\u0632 (\u0628\u0633\u062a\u0647 \u0628\u0647 \u0627\u0646\u062f\u06cc\u06a9\u0627\u0633\u06cc\u0648\u0646)<\/li>\n<li data-section-id=\"1gkmid1\" data-start=\"785\" data-end=\"815\">\u06a9\u0627\u0647\u0634 \u062a\u062f\u0631\u06cc\u062c\u06cc \u0627\u0633\u062a\u0641\u0627\u062f\u0647 (Weaning)<\/li>\n<li data-section-id=\"1b96jmz\" data-start=\"816\" data-end=\"864\">\u067e\u06cc\u06af\u06cc\u0631\u06cc \u0645\u0646\u0638\u0645 \u0628\u0627\u0644\u06cc\u0646\u06cc \u0648 \u062f\u0631 \u0635\u0648\u0631\u062a \u0646\u06cc\u0627\u0632 \u0627\u0631\u0632\u06cc\u0627\u0628\u06cc \u0631\u0627\u062f\u06cc\u0648\u0644\u0648\u0698\u06cc\u06a9<\/li>\n<li data-section-id=\"1t1gy93\" data-start=\"865\" data-end=\"906\">\u067e\u0627\u06cc\u0634 \u0633\u0644\u0627\u0645\u062a \u067e\u0648\u0633\u062a \u0648 \u0646\u0648\u0627\u062d\u06cc \u062a\u062d\u062a \u0641\u0634\u0627\u0631<\/li>\n<li data-section-id=\"1y7jbg5\" data-start=\"907\" data-end=\"943\">\u0627\u0631\u0632\u06cc\u0627\u0628\u06cc \u0645\u06cc\u0632\u0627\u0646 \u067e\u0627\u06cc\u0628\u0646\u062f\u06cc \u0628\u06cc\u0645\u0627\u0631<\/li>\n<\/ul>\n<hr data-start=\"945\" data-end=\"948\" \/>\n<h3 data-section-id=\"x4r3z8\" data-start=\"950\" data-end=\"973\"><span role=\"text\"><strong data-start=\"954\" data-end=\"973\">\u0639\u0648\u0627\u0631\u0636<\/strong><\/span><\/h3>\n<ul data-start=\"974\" data-end=\"1176\">\n<li data-section-id=\"q18bvp\" data-start=\"974\" data-end=\"993\">\u0632\u062e\u0645\u200c\u0647\u0627\u06cc \u0641\u0634\u0627\u0631\u06cc<\/li>\n<li data-section-id=\"15a4dht\" data-start=\"994\" data-end=\"1014\">\u062a\u062d\u0631\u06cc\u06a9 \u067e\u0648\u0633\u062a\u06cc<\/li>\n<li data-section-id=\"11sougc\" data-start=\"1015\" data-end=\"1056\">\u0622\u062a\u0631\u0648\u0641\u06cc \u0639\u0636\u0644\u0627\u0646\u06cc (\u062f\u0631 \u0627\u0633\u062a\u0641\u0627\u062f\u0647 \u0637\u0648\u0644\u0627\u0646\u06cc\u200c\u0645\u062f\u062a)<\/li>\n<li data-section-id=\"ngu0vw\" data-start=\"1057\" data-end=\"1078\">\u0639\u062f\u0645 \u067e\u0627\u06cc\u0628\u0646\u062f\u06cc \u0628\u06cc\u0645\u0627\u0631<\/li>\n<li data-section-id=\"unfcu9\" data-start=\"1079\" data-end=\"1098\">\u06a9\u0627\u0647\u0634 \u0631\u0627\u062d\u062a\u06cc<\/li>\n<li data-section-id=\"19mhfiz\" data-start=\"1099\" data-end=\"1142\">\u0645\u062d\u062f\u0648\u062f\u06cc\u062a \u062a\u0646\u0641\u0633\u06cc (\u0628\u0647\u200c\u0648\u06cc\u0698\u0647 \u062f\u0631 \u0627\u0631\u062a\u0632\u0647\u0627\u06cc \u0633\u062e\u062a)<\/li>\n<li data-section-id=\"1jvn1d4\" data-start=\"1143\" data-end=\"1176\">\u0645\u0634\u06a9\u0644\u0627\u062a \u0628\u06cc\u0648\u0645\u06a9\u0627\u0646\u06cc\u06a9\u06cc \u0646\u0627\u0634\u06cc \u0627\u0632 \u0641\u06cc\u062a \u0646\u0627\u0645\u0646\u0627\u0633\u0628<\/li>\n<\/ul>\n<hr data-start=\"1178\" data-end=\"1181\" \/>\n<h3 data-section-id=\"1gyio4q\" data-start=\"1183\" data-end=\"1201\"><span role=\"text\"><strong data-start=\"1187\" data-end=\"1201\">\u0645\u0648\u0627\u062f<\/strong><\/span><\/h3>\n<ul data-start=\"1202\" data-end=\"1373\">\n<li data-section-id=\"1q99zem\" data-start=\"1202\" data-end=\"1258\" class=\" translation-block\">\u062a\u0631\u0645\u0648\u067e\u0644\u0627\u0633\u062a\u06cc\u06a9\u200c\u0647\u0627: \u067e\u0644\u06cc\u200c\u0627\u062a\u06cc\u0644\u0646 (PE)\u060c \u067e\u0644\u06cc\u200c\u067e\u0631\u0648\u067e\u06cc\u0644\u0646 (PP)<\/li>\n<li data-section-id=\"s5jk31\" data-start=\"1259\" data-end=\"1293\" class=\" translation-block\">\u067e\u062f \u062f\u0627\u062e\u0644\u06cc: EVA (\u0627\u062a\u06cc\u0644\u0646-\u0648\u06cc\u0646\u06cc\u0644 \u0627\u0633\u062a\u0627\u062a)\u060c \u0641\u0648\u0645 \u067e\u0644\u06cc\u200c\u06cc\u0648\u0631\u062a\u0627\u0646<\/li>\n<li data-section-id=\"3b76f9\" data-start=\"1294\" data-end=\"1331\" class=\" translation-block\">\u0633\u06cc\u0633\u062a\u0645\u200c\u0647\u0627\u06cc \u0627\u062a\u0635\u0627\u0644: \u0648\u0644\u06a9\u0631\u0648 (\u0686\u0633\u0628\u06cc)\u060c \u0628\u0646\u062f\u0647\u0627\u06cc \u0646\u0627\u06cc\u0644\u0648\u0646\u06cc\u060c \u0633\u06af\u06a9\u200c\u0647\u0627<\/li>\n<li data-section-id=\"15vfnu2\" data-start=\"1332\" data-end=\"1373\" class=\" translation-block\">\u0627\u062c\u0632\u0627\u06cc \u0641\u0644\u0632\u06cc: \u0645\u06cc\u0644\u0647\u200c\u0647\u0627\u06cc \u0622\u0644\u0648\u0645\u06cc\u0646\u06cc\u0648\u0645\u06cc\u060c \u062a\u0642\u0648\u06cc\u062a\u200c\u06a9\u0646\u0646\u062f\u0647\u200c\u0647\u0627\u06cc \u0641\u0648\u0644\u0627\u062f\u06cc<\/li>\n<\/ul>","protected":false},"excerpt":{"rendered":"<p>\ud83c\uddf9\ud83c\uddf7 TLSO (Torako-Lumbo-Sakral Ortez) \u2013 Klinik Protokol Endikasyonlar Vertebra k\u0131r\u0131klar\u0131 (kompresyon, burst) Postoperatif stabilizasyon Spinal deformiteler (skolyoz, kifoz, hiperkifoz) Spinal instabilite Travma sonras\u0131 omurga koruma Dejeneratif omurga hastal\u0131klar\u0131 Klinik Ama\u00e7 Torakal ve lomber immobilizasyon Hareket k\u0131s\u0131tlamas\u0131 (fleksiyon, ekstansiyon, rotasyon) \u00dc\u00e7 nokta bas\u0131n\u00e7 ile post\u00fcral d\u00fczeltme A\u011fr\u0131 kontrol\u00fc G\u00fcvenli erken mobilizasyon Postoperatif koruma Spinal y\u00fck\u00fcn azalt\u0131lmas\u0131 [&#8230;]","protected":false},"featured_media":1287,"template":"","meta":[],"product_brand":[],"product_cat":[106],"product_tag":[107,110,109,108],"class_list":{"0":"post-1286","1":"product","2":"type-product","3":"status-publish","4":"has-post-thumbnail","6":"product_cat-korse","7":"product_tag-tlso-eralp-medikal","8":"product_tag-tlso-medikal-uretici-firma","9":"product_tag-tlso-satin-al","10":"product_tag-tlso-toptan","12":"first","13":"instock","14":"shipping-taxable","15":"product-type-simple"},"yoast_head":"<!-- This site is optimized with the Yoast SEO Premium plugin v25.7.1 (Yoast SEO v27.4) - https:\/\/yoast.com\/product\/yoast-seo-premium-wordpress\/ -->\n<title>TLSO (Torako-Lumbo-Sakral Ortez) - Eralp Medikal Ecza Deposu<\/title>\n<meta name=\"robots\" content=\"index, follow, max-snippet:-1, max-image-preview:large, max-video-preview:-1\" \/>\n<link rel=\"canonical\" href=\"https:\/\/www.eralpecza.com.tr\/fa\/product\/tlso-torako-lumbo-sakral-ortez\/\" \/>\n<meta property=\"og:locale\" content=\"fa_IR\" \/>\n<meta property=\"og:type\" content=\"article\" \/>\n<meta property=\"og:title\" content=\"TLSO (Torako-Lumbo-Sakral Ortez)\" \/>\n<meta property=\"og:description\" content=\"\ud83c\uddf9\ud83c\uddf7 TLSO (Torako-Lumbo-Sakral Ortez) \u2013 Klinik Protokol Endikasyonlar Vertebra k\u0131r\u0131klar\u0131 (kompresyon, burst) Postoperatif stabilizasyon Spinal deformiteler (skolyoz, kifoz, hiperkifoz) Spinal instabilite Travma sonras\u0131 omurga koruma Dejeneratif omurga hastal\u0131klar\u0131 Klinik Ama\u00e7 Torakal ve lomber immobilizasyon Hareket k\u0131s\u0131tlamas\u0131 (fleksiyon, ekstansiyon, rotasyon) \u00dc\u00e7 nokta bas\u0131n\u00e7 ile post\u00fcral d\u00fczeltme A\u011fr\u0131 kontrol\u00fc G\u00fcvenli erken mobilizasyon Postoperatif koruma Spinal y\u00fck\u00fcn azalt\u0131lmas\u0131 [...]\" \/>\n<meta property=\"og:url\" content=\"https:\/\/www.eralpecza.com.tr\/fa\/product\/tlso-torako-lumbo-sakral-ortez\/\" \/>\n<meta property=\"og:site_name\" content=\"Eralp Medikal Ecza Deposu\" \/>\n<meta property=\"article:modified_time\" content=\"2026-04-25T05:50:37+00:00\" \/>\n<meta property=\"og:image\" content=\"https:\/\/www.eralpecza.com.tr\/wp-content\/uploads\/2026\/04\/TLSO-Torako-Lumbo-Sakral-Ortez.png\" \/>\n\t<meta property=\"og:image:width\" content=\"1000\" \/>\n\t<meta property=\"og:image:height\" content=\"1000\" \/>\n\t<meta property=\"og:image:type\" content=\"image\/png\" \/>\n<meta name=\"twitter:card\" content=\"summary_large_image\" \/>\n<meta name=\"twitter:label1\" content=\"\u0632\u0645\u0627\u0646 \u062a\u0642\u0631\u06cc\u0628\u06cc \u0628\u0631\u0627\u06cc \u062e\u0648\u0627\u0646\u062f\u0646\" \/>\n\t<meta name=\"twitter:data1\" content=\"1 \u062f\u0642\u06cc\u0642\u0647\" \/>\n<script type=\"application\/ld+json\" class=\"yoast-schema-graph\">{\"@context\":\"https:\\\/\\\/schema.org\",\"@graph\":[{\"@type\":\"WebPage\",\"@id\":\"https:\\\/\\\/www.eralpecza.com.tr\\\/urun\\\/tlso-torako-lumbo-sakral-ortez\\\/\",\"url\":\"https:\\\/\\\/www.eralpecza.com.tr\\\/urun\\\/tlso-torako-lumbo-sakral-ortez\\\/\",\"name\":\"TLSO (Torako-Lumbo-Sakral Ortez) - Eralp Medikal Ecza Deposu\",\"isPartOf\":{\"@id\":\"https:\\\/\\\/www.eralpecza.com.tr\\\/#website\"},\"primaryImageOfPage\":{\"@id\":\"https:\\\/\\\/www.eralpecza.com.tr\\\/urun\\\/tlso-torako-lumbo-sakral-ortez\\\/#primaryimage\"},\"image\":{\"@id\":\"https:\\\/\\\/www.eralpecza.com.tr\\\/urun\\\/tlso-torako-lumbo-sakral-ortez\\\/#primaryimage\"},\"thumbnailUrl\":\"https:\\\/\\\/www.eralpecza.com.tr\\\/wp-content\\\/uploads\\\/2026\\\/04\\\/TLSO-Torako-Lumbo-Sakral-Ortez.png\",\"datePublished\":\"2026-04-24T07:40:24+00:00\",\"dateModified\":\"2026-04-25T05:50:37+00:00\",\"breadcrumb\":{\"@id\":\"https:\\\/\\\/www.eralpecza.com.tr\\\/urun\\\/tlso-torako-lumbo-sakral-ortez\\\/#breadcrumb\"},\"inLanguage\":\"fa-IR\",\"potentialAction\":[{\"@type\":\"ReadAction\",\"target\":[\"https:\\\/\\\/www.eralpecza.com.tr\\\/urun\\\/tlso-torako-lumbo-sakral-ortez\\\/\"]}]},{\"@type\":\"ImageObject\",\"inLanguage\":\"fa-IR\",\"@id\":\"https:\\\/\\\/www.eralpecza.com.tr\\\/urun\\\/tlso-torako-lumbo-sakral-ortez\\\/#primaryimage\",\"url\":\"https:\\\/\\\/www.eralpecza.com.tr\\\/wp-content\\\/uploads\\\/2026\\\/04\\\/TLSO-Torako-Lumbo-Sakral-Ortez.png\",\"contentUrl\":\"https:\\\/\\\/www.eralpecza.com.tr\\\/wp-content\\\/uploads\\\/2026\\\/04\\\/TLSO-Torako-Lumbo-Sakral-Ortez.png\",\"width\":1000,\"height\":1000},{\"@type\":\"BreadcrumbList\",\"@id\":\"https:\\\/\\\/www.eralpecza.com.tr\\\/urun\\\/tlso-torako-lumbo-sakral-ortez\\\/#breadcrumb\",\"itemListElement\":[{\"@type\":\"ListItem\",\"position\":1,\"name\":\"Anasayfa\",\"item\":\"https:\\\/\\\/www.eralpecza.com.tr\\\/\"},{\"@type\":\"ListItem\",\"position\":2,\"name\":\"\u00dcr\u00fcnlerimiz\",\"item\":\"https:\\\/\\\/www.eralpecza.com.tr\\\/urunlerimiz\\\/\"},{\"@type\":\"ListItem\",\"position\":3,\"name\":\"TLSO (Torako-Lumbo-Sakral Ortez)\"}]},{\"@type\":\"WebSite\",\"@id\":\"https:\\\/\\\/www.eralpecza.com.tr\\\/#website\",\"url\":\"https:\\\/\\\/www.eralpecza.com.tr\\\/\",\"name\":\"Eralp Medikal Ecza Deposu\",\"description\":\"\",\"potentialAction\":[{\"@type\":\"SearchAction\",\"target\":{\"@type\":\"EntryPoint\",\"urlTemplate\":\"https:\\\/\\\/www.eralpecza.com.tr\\\/?s={search_term_string}\"},\"query-input\":{\"@type\":\"PropertyValueSpecification\",\"valueRequired\":true,\"valueName\":\"search_term_string\"}}],\"inLanguage\":\"fa-IR\"}]}<\/script>\n<!-- \/ Yoast SEO Premium plugin. -->","yoast_head_json":{"title":"TLSO (Torako-Lumbo-Sakral Ortez) - Eralp Medikal Ecza Deposu","robots":{"index":"index","follow":"follow","max-snippet":"max-snippet:-1","max-image-preview":"max-image-preview:large","max-video-preview":"max-video-preview:-1"},"canonical":"https:\/\/www.eralpecza.com.tr\/fa\/product\/tlso-torako-lumbo-sakral-ortez\/","og_locale":"fa_IR","og_type":"article","og_title":"TLSO (Torako-Lumbo-Sakral Ortez)","og_description":"\ud83c\uddf9\ud83c\uddf7 TLSO (Torako-Lumbo-Sakral Ortez) \u2013 Klinik Protokol Endikasyonlar Vertebra k\u0131r\u0131klar\u0131 (kompresyon, burst) Postoperatif stabilizasyon Spinal deformiteler (skolyoz, kifoz, hiperkifoz) Spinal instabilite Travma sonras\u0131 omurga koruma Dejeneratif omurga hastal\u0131klar\u0131 Klinik Ama\u00e7 Torakal ve lomber immobilizasyon Hareket k\u0131s\u0131tlamas\u0131 (fleksiyon, ekstansiyon, rotasyon) \u00dc\u00e7 nokta bas\u0131n\u00e7 ile post\u00fcral d\u00fczeltme A\u011fr\u0131 kontrol\u00fc G\u00fcvenli erken mobilizasyon Postoperatif koruma Spinal y\u00fck\u00fcn azalt\u0131lmas\u0131 [...]","og_url":"https:\/\/www.eralpecza.com.tr\/fa\/product\/tlso-torako-lumbo-sakral-ortez\/","og_site_name":"Eralp Medikal Ecza Deposu","article_modified_time":"2026-04-25T05:50:37+00:00","og_image":[{"width":1000,"height":1000,"url":"https:\/\/www.eralpecza.com.tr\/wp-content\/uploads\/2026\/04\/TLSO-Torako-Lumbo-Sakral-Ortez.png","type":"image\/png"}],"twitter_card":"summary_large_image","twitter_misc":{"\u0632\u0645\u0627\u0646 \u062a\u0642\u0631\u06cc\u0628\u06cc \u0628\u0631\u0627\u06cc \u062e\u0648\u0627\u0646\u062f\u0646":"1 \u062f\u0642\u06cc\u0642\u0647"},"schema":{"@context":"https:\/\/schema.org","@graph":[{"@type":"WebPage","@id":"https:\/\/www.eralpecza.com.tr\/urun\/tlso-torako-lumbo-sakral-ortez\/","url":"https:\/\/www.eralpecza.com.tr\/urun\/tlso-torako-lumbo-sakral-ortez\/","name":"TLSO (Torako-Lumbo-Sakral Ortez) - Eralp Medikal Ecza Deposu","isPartOf":{"@id":"https:\/\/www.eralpecza.com.tr\/#website"},"primaryImageOfPage":{"@id":"https:\/\/www.eralpecza.com.tr\/urun\/tlso-torako-lumbo-sakral-ortez\/#primaryimage"},"image":{"@id":"https:\/\/www.eralpecza.com.tr\/urun\/tlso-torako-lumbo-sakral-ortez\/#primaryimage"},"thumbnailUrl":"https:\/\/www.eralpecza.com.tr\/wp-content\/uploads\/2026\/04\/TLSO-Torako-Lumbo-Sakral-Ortez.png","datePublished":"2026-04-24T07:40:24+00:00","dateModified":"2026-04-25T05:50:37+00:00","breadcrumb":{"@id":"https:\/\/www.eralpecza.com.tr\/urun\/tlso-torako-lumbo-sakral-ortez\/#breadcrumb"},"inLanguage":"fa-IR","potentialAction":[{"@type":"ReadAction","target":["https:\/\/www.eralpecza.com.tr\/urun\/tlso-torako-lumbo-sakral-ortez\/"]}]},{"@type":"ImageObject","inLanguage":"fa-IR","@id":"https:\/\/www.eralpecza.com.tr\/urun\/tlso-torako-lumbo-sakral-ortez\/#primaryimage","url":"https:\/\/www.eralpecza.com.tr\/wp-content\/uploads\/2026\/04\/TLSO-Torako-Lumbo-Sakral-Ortez.png","contentUrl":"https:\/\/www.eralpecza.com.tr\/wp-content\/uploads\/2026\/04\/TLSO-Torako-Lumbo-Sakral-Ortez.png","width":1000,"height":1000},{"@type":"BreadcrumbList","@id":"https:\/\/www.eralpecza.com.tr\/urun\/tlso-torako-lumbo-sakral-ortez\/#breadcrumb","itemListElement":[{"@type":"ListItem","position":1,"name":"Anasayfa","item":"https:\/\/www.eralpecza.com.tr\/"},{"@type":"ListItem","position":2,"name":"\u00dcr\u00fcnlerimiz","item":"https:\/\/www.eralpecza.com.tr\/urunlerimiz\/"},{"@type":"ListItem","position":3,"name":"TLSO (Torako-Lumbo-Sakral Ortez)"}]},{"@type":"WebSite","@id":"https:\/\/www.eralpecza.com.tr\/#website","url":"https:\/\/www.eralpecza.com.tr\/","name":"\u0627\u0646\u0628\u0627\u0631 \u062f\u0627\u0631\u0648\u062e\u0627\u0646\u0647 \u067e\u0632\u0634\u06a9\u06cc \u0627\u0631\u0627\u0644\u067e","description":"","potentialAction":[{"@type":"SearchAction","target":{"@type":"EntryPoint","urlTemplate":"https:\/\/www.eralpecza.com.tr\/?s={search_term_string}"},"query-input":{"@type":"PropertyValueSpecification","valueRequired":true,"valueName":"search_term_string"}}],"inLanguage":"fa-IR"}]}},"_links":{"self":[{"href":"https:\/\/www.eralpecza.com.tr\/fa\/wp-json\/wp\/v2\/product\/1286","targetHints":{"allow":["GET"]}}],"collection":[{"href":"https:\/\/www.eralpecza.com.tr\/fa\/wp-json\/wp\/v2\/product"}],"about":[{"href":"https:\/\/www.eralpecza.com.tr\/fa\/wp-json\/wp\/v2\/types\/product"}],"wp:featuredmedia":[{"embeddable":true,"href":"https:\/\/www.eralpecza.com.tr\/fa\/wp-json\/wp\/v2\/media\/1287"}],"wp:attachment":[{"href":"https:\/\/www.eralpecza.com.tr\/fa\/wp-json\/wp\/v2\/media?parent=1286"}],"wp:term":[{"taxonomy":"product_brand","embeddable":true,"href":"https:\/\/www.eralpecza.com.tr\/fa\/wp-json\/wp\/v2\/product_brand?post=1286"},{"taxonomy":"product_cat","embeddable":true,"href":"https:\/\/www.eralpecza.com.tr\/fa\/wp-json\/wp\/v2\/product_cat?post=1286"},{"taxonomy":"product_tag","embeddable":true,"href":"https:\/\/www.eralpecza.com.tr\/fa\/wp-json\/wp\/v2\/product_tag?post=1286"}],"curies":[{"name":"wp","href":"https:\/\/api.w.org\/{rel}","templated":true}]}}